{"id":87,"date":"2023-08-04T13:17:51","date_gmt":"2023-08-04T13:17:51","guid":{"rendered":"https:\/\/www.wavesforwater.fr\/?page_id=87"},"modified":"2023-08-04T13:43:39","modified_gmt":"2023-08-04T13:43:39","slug":"w4w-2","status":"publish","type":"page","link":"https:\/\/www.wavesforwater.fr\/","title":{"rendered":"WAVES FOR WATER\u00a0FRANCE agit pour l\u2019eau potable"},"content":{"rendered":"\n<p>Le manque d\u2019eau potable n\u2019est pas un probl\u00e8me sans solution&nbsp;! Des petits kits de traitement d\u2019eau permettent de <strong>filtrer les bact\u00e9ries<\/strong> responsables de maladies mortelles. Un simple filtre coutant 50 euros peut ainsi traiter <strong>plusieurs millions de litres d&#8217;eau<\/strong> pendant une dizaine d\u2019ann\u00e9es.<\/p>\n\n\n\n<figure class=\"wp-block-image size-large\"><a href=\"https:\/\/www.wavesforwater.fr\/wp-content\/uploads\/2023\/08\/MG_3409-Large.jpg\"><img loading=\"lazy\" decoding=\"async\" width=\"1024\" height=\"683\" src=\"https:\/\/www.wavesforwater.fr\/wp-content\/uploads\/2023\/08\/MG_3409-Large-1024x683.jpg\" alt=\"\" class=\"wp-image-94\" srcset=\"https:\/\/www.wavesforwater.fr\/wp-content\/uploads\/2023\/08\/MG_3409-Large-1024x683.jpg 1024w, https:\/\/www.wavesforwater.fr\/wp-content\/uploads\/2023\/08\/MG_3409-Large-300x200.jpg 300w, https:\/\/www.wavesforwater.fr\/wp-content\/uploads\/2023\/08\/MG_3409-Large-768x512.jpg 768w, https:\/\/www.wavesforwater.fr\/wp-content\/uploads\/2023\/08\/MG_3409-Large-1536x1024.jpg 1536w, https:\/\/www.wavesforwater.fr\/wp-content\/uploads\/2023\/08\/MG_3409-Large.jpg 1600w\" sizes=\"auto, (max-width: 1024px) 100vw, 1024px\" \/><\/a><\/figure>\n\n\n\n<p>En septembre 2015, nous avons cr\u00e9\u00e9 une antenne fran\u00e7aise de WAVES FOR WATER, association ayant contribu\u00e9 \u00e0 <strong>donner acc\u00e8s \u00e0 l\u2019eau potable<\/strong> aux populations d\u00e9favoris\u00e9es de 78 pays.<\/p>\n\n\n\n<figure class=\"wp-block-image size-large\"><a href=\"https:\/\/www.wavesforwater.fr\/wp-content\/uploads\/2023\/08\/IMG_00592.png\"><img loading=\"lazy\" decoding=\"async\" width=\"1024\" height=\"882\" src=\"https:\/\/www.wavesforwater.fr\/wp-content\/uploads\/2023\/08\/IMG_00592-1024x882.png\" alt=\"\" class=\"wp-image-95\" srcset=\"https:\/\/www.wavesforwater.fr\/wp-content\/uploads\/2023\/08\/IMG_00592-1024x882.png 1024w, https:\/\/www.wavesforwater.fr\/wp-content\/uploads\/2023\/08\/IMG_00592-300x259.png 300w, https:\/\/www.wavesforwater.fr\/wp-content\/uploads\/2023\/08\/IMG_00592-768x662.png 768w, https:\/\/www.wavesforwater.fr\/wp-content\/uploads\/2023\/08\/IMG_00592.png 1200w\" sizes=\"auto, (max-width: 1024px) 100vw, 1024px\" \/><\/a><\/figure>\n\n\n\n<p><br>Pour notre premier projet, notre association est intervenue <strong>au<\/strong> <strong>Cambodge<\/strong>, dans le village de Peak Kantiel. Avec l\u2019aide d\u2019un partenaire local, l\u2019\u00e9quipe de WAVES FOR WATER FRANCE a install\u00e9 des filtres \u00e0 eau chez pr\u00e8s de <strong>1000 personnes<\/strong> vivant dans des maisons sommaires qui flottent sur le lac\u00a0Tonle Sap.<\/p>\n\n\n\n<figure class=\"wp-block-image size-large\"><a href=\"https:\/\/www.wavesforwater.fr\/wp-content\/uploads\/2023\/08\/P1160201.jpg\"><img loading=\"lazy\" decoding=\"async\" width=\"1024\" height=\"768\" src=\"https:\/\/www.wavesforwater.fr\/wp-content\/uploads\/2023\/08\/P1160201-1024x768.jpg\" alt=\"\" class=\"wp-image-97\" srcset=\"https:\/\/www.wavesforwater.fr\/wp-content\/uploads\/2023\/08\/P1160201-1024x768.jpg 1024w, https:\/\/www.wavesforwater.fr\/wp-content\/uploads\/2023\/08\/P1160201-300x225.jpg 300w, https:\/\/www.wavesforwater.fr\/wp-content\/uploads\/2023\/08\/P1160201-768x576.jpg 768w, https:\/\/www.wavesforwater.fr\/wp-content\/uploads\/2023\/08\/P1160201-1536x1152.jpg 1536w, https:\/\/www.wavesforwater.fr\/wp-content\/uploads\/2023\/08\/P1160201.jpg 1632w\" sizes=\"auto, (max-width: 1024px) 100vw, 1024px\" \/><\/a><\/figure>\n\n\n\n<p><br><br>W4W propose aussi aux voyageurs de distribuer eux-m\u00eames des filtres gr\u00e2ce au programme \u00ab\u00a0 <strong>Porteurs d&#8217;Eau Potable<\/strong>\u00a0\u00bb. Une premi\u00e8re vague de solidarit\u00e9 est ainsi d\u00e9j\u00e0 partie des c\u00f4tes fran\u00e7aises vers le Vietnam, le Cambodge, l\u2019Indon\u00e9sie, le N\u00e9pal le Guatemala, le Togo, le Sri Lanka\u2026 Aidez-nous \u00e0 faire des vagues pour l\u2019eau potable\u00a0!<\/p>\n\n\n\n<figure class=\"wp-block-embed is-type-video is-provider-vimeo wp-block-embed-vimeo wp-embed-aspect-16-9 wp-has-aspect-ratio\"><div class=\"wp-block-embed__wrapper\">\n<iframe loading=\"lazy\" title=\"Porteurs d\u2019Eau Potable\" src=\"https:\/\/player.vimeo.com\/video\/308704350?dnt=1&amp;app_id=122963\" width=\"950\" height=\"534\" frameborder=\"0\" allow=\"autoplay; fullscreen; picture-in-picture\"><\/iframe>\n<\/div><\/figure>\n","protected":false},"excerpt":{"rendered":"<p>Le manque d\u2019eau potable n\u2019est pas un probl\u00e8me sans solution&nbsp;! Des petits kits de traitement d\u2019eau permettent de filtrer les bact\u00e9ries responsables de maladies mortelles. Un simple filtre coutant 50 euros peut ainsi traiter plusieurs millions de litres d&#8217;eau pendant une dizaine d\u2019ann\u00e9es. En septembre 2015, nous avons cr\u00e9\u00e9 une antenne fran\u00e7aise de WAVES FOR &hellip; <\/p>\n<p class=\"link-more\"><a href=\"https:\/\/www.wavesforwater.fr\/\" class=\"more-link\">Read more<span class=\"screen-reader-text\"> &#8220;WAVES FOR WATER\u00a0FRANCE agit pour l\u2019eau potable&#8221;<\/span><\/a><\/p>\n","protected":false},"author":1,"featured_media":0,"parent":0,"menu_order":0,"comment_status":"closed","ping_status":"closed","template":"","meta":{"footnotes":""},"class_list":["post-87","page","type-page","status-publish","hentry"],"_links":{"self":[{"href":"https:\/\/www.wavesforwater.fr\/index.php?rest_route=\/wp\/v2\/pages\/87","targetHints":{"allow":["GET"]}}],"collection":[{"href":"https:\/\/www.wavesforwater.fr\/index.php?rest_route=\/wp\/v2\/pages"}],"about":[{"href":"https:\/\/www.wavesforwater.fr\/index.php?rest_route=\/wp\/v2\/types\/page"}],"author":[{"embeddable":true,"href":"https:\/\/www.wavesforwater.fr\/index.php?rest_route=\/wp\/v2\/users\/1"}],"replies":[{"embeddable":true,"href":"https:\/\/www.wavesforwater.fr\/index.php?rest_route=%2Fwp%2Fv2%2Fcomments&post=87"}],"version-history":[{"count":3,"href":"https:\/\/www.wavesforwater.fr\/index.php?rest_route=\/wp\/v2\/pages\/87\/revisions"}],"predecessor-version":[{"id":100,"href":"https:\/\/www.wavesforwater.fr\/index.php?rest_route=\/wp\/v2\/pages\/87\/revisions\/100"}],"wp:attachment":[{"href":"https:\/\/www.wavesforwater.fr\/index.php?rest_route=%2Fwp%2Fv2%2Fmedia&parent=87"}],"curies":[{"name":"wp","href":"https:\/\/api.w.org\/{rel}","templated":true}]}}